{"id":423,"date":"2019-07-03T19:26:41","date_gmt":"2019-07-03T17:26:41","guid":{"rendered":"https:\/\/petrovachalupa.cz\/homepage-test-2\/"},"modified":"2023-03-18T22:07:10","modified_gmt":"2023-03-18T21:07:10","slug":"homepage-test-2","status":"publish","type":"page","link":"https:\/\/petrovachalupa.cz\/pl\/","title":{"rendered":"Homepage"},"content":{"rendered":"","protected":false},"excerpt":{"rendered":"","protected":false},"author":1,"featured_media":0,"parent":0,"menu_order":0,"comment_status":"closed","ping_status":"closed","template":"template-homepage-2.php","meta":{"_monsterinsights_skip_tracking":false,"_monsterinsights_sitenote_active":false,"_monsterinsights_sitenote_note":"","_monsterinsights_sitenote_category":0},"yoast_head":"<!-- This site is optimized with the Yoast SEO plugin v15.9.2 - https:\/\/yoast.com\/wordpress\/plugins\/seo\/ -->\n<title>Petrova Chalupa<\/title>\n<meta name=\"description\" content=\"Hled\u00e1te pobyt uprost\u0159ed p\u0159\u00edrody, a p\u0159esto chcete m\u00edt v\u0161ude bl\u00edzko? Na \u00fapat\u00ed vrcholu Velk\u00e9 \u010cantoryje, hned ve st\u0159edu obce se nach\u00e1z\u00ed prostorn\u00e1 d\u0159ev\u011bn\u00e1 \u201ePetrova chalupa\u201c s rozlehlou zahradou plnou zelen\u011b a p\u0159ekr\u00e1sn\u00fdmi v\u00fdhledy na okoln\u00ed hory.\" \/>\n<link rel=\"canonical\" href=\"https:\/\/petrovachalupa.cz\/pl\/\" \/>\n<meta property=\"og:locale\" content=\"pl_PL\" \/>\n<meta property=\"og:type\" content=\"article\" \/>\n<meta property=\"og:title\" content=\"Petrova Chalupa\" \/>\n<meta property=\"og:description\" content=\"Hled\u00e1te pobyt uprost\u0159ed p\u0159\u00edrody, a p\u0159esto chcete m\u00edt v\u0161ude bl\u00edzko? Na \u00fapat\u00ed vrcholu Velk\u00e9 \u010cantoryje, hned ve st\u0159edu obce se nach\u00e1z\u00ed prostorn\u00e1 d\u0159ev\u011bn\u00e1 \u201ePetrova chalupa\u201c s rozlehlou zahradou plnou zelen\u011b a p\u0159ekr\u00e1sn\u00fdmi v\u00fdhledy na okoln\u00ed hory.\" \/>\n<meta property=\"og:url\" content=\"https:\/\/petrovachalupa.cz\/pl\/\" \/>\n<meta property=\"og:site_name\" content=\"Petrova Chalupa\" \/>\n<meta property=\"article:modified_time\" content=\"2023-03-18T21:07:10+00:00\" \/>\n<meta property=\"og:image\" content=\"https:\/\/petrovachalupa.cz\/wp-content\/uploads\/2019\/08\/og-logo.jpg\" \/>\n\t<meta property=\"og:image:width\" content=\"1200\" \/>\n\t<meta property=\"og:image:height\" content=\"630\" \/>\n<meta name=\"twitter:card\" content=\"summary_large_image\" \/>\n<script type=\"application\/ld+json\" class=\"yoast-schema-graph\">{\"@context\":\"https:\/\/schema.org\",\"@graph\":[{\"@type\":\"WebSite\",\"@id\":\"https:\/\/petrovachalupa.cz\/#website\",\"url\":\"https:\/\/petrovachalupa.cz\/\",\"name\":\"Petrova Chalupa\",\"description\":\"\",\"potentialAction\":[{\"@type\":\"SearchAction\",\"target\":\"https:\/\/petrovachalupa.cz\/?s={search_term_string}\",\"query-input\":\"required name=search_term_string\"}],\"inLanguage\":\"pl-PL\"},{\"@type\":\"WebPage\",\"@id\":\"https:\/\/petrovachalupa.cz\/pl\/#webpage\",\"url\":\"https:\/\/petrovachalupa.cz\/pl\/\",\"name\":\"Petrova Chalupa\",\"isPartOf\":{\"@id\":\"https:\/\/petrovachalupa.cz\/#website\"},\"datePublished\":\"2019-07-03T17:26:41+00:00\",\"dateModified\":\"2023-03-18T21:07:10+00:00\",\"description\":\"Hled\\u00e1te pobyt uprost\\u0159ed p\\u0159\\u00edrody, a p\\u0159esto chcete m\\u00edt v\\u0161ude bl\\u00edzko? Na \\u00fapat\\u00ed vrcholu Velk\\u00e9 \\u010cantoryje, hned ve st\\u0159edu obce se nach\\u00e1z\\u00ed prostorn\\u00e1 d\\u0159ev\\u011bn\\u00e1 \\u201ePetrova chalupa\\u201c s rozlehlou zahradou plnou zelen\\u011b a p\\u0159ekr\\u00e1sn\\u00fdmi v\\u00fdhledy na okoln\\u00ed hory.\",\"breadcrumb\":{\"@id\":\"https:\/\/petrovachalupa.cz\/pl\/#breadcrumb\"},\"inLanguage\":\"pl-PL\",\"potentialAction\":[{\"@type\":\"ReadAction\",\"target\":[\"https:\/\/petrovachalupa.cz\/pl\/\"]}]},{\"@type\":\"BreadcrumbList\",\"@id\":\"https:\/\/petrovachalupa.cz\/pl\/#breadcrumb\",\"itemListElement\":[{\"@type\":\"ListItem\",\"position\":1,\"item\":{\"@type\":\"WebPage\",\"@id\":\"https:\/\/petrovachalupa.cz\/pl\/\",\"url\":\"https:\/\/petrovachalupa.cz\/pl\/\",\"name\":\"Dom\\u016f\"}},{\"@type\":\"ListItem\",\"position\":2,\"item\":{\"@type\":\"WebPage\",\"@id\":\"https:\/\/petrovachalupa.cz\/pl\/\",\"url\":\"https:\/\/petrovachalupa.cz\/pl\/\",\"name\":\"Homepage\"}}]}]}<\/script>\n<!-- \/ Yoast SEO plugin. -->","_links":{"self":[{"href":"https:\/\/petrovachalupa.cz\/pl\/wp-json\/wp\/v2\/pages\/423"}],"collection":[{"href":"https:\/\/petrovachalupa.cz\/pl\/wp-json\/wp\/v2\/pages"}],"about":[{"href":"https:\/\/petrovachalupa.cz\/pl\/wp-json\/wp\/v2\/types\/page"}],"author":[{"embeddable":true,"href":"https:\/\/petrovachalupa.cz\/pl\/wp-json\/wp\/v2\/users\/1"}],"replies":[{"embeddable":true,"href":"https:\/\/petrovachalupa.cz\/pl\/wp-json\/wp\/v2\/comments?post=423"}],"version-history":[{"count":14,"href":"https:\/\/petrovachalupa.cz\/pl\/wp-json\/wp\/v2\/pages\/423\/revisions"}],"predecessor-version":[{"id":656,"href":"https:\/\/petrovachalupa.cz\/pl\/wp-json\/wp\/v2\/pages\/423\/revisions\/656"}],"wp:attachment":[{"href":"https:\/\/petrovachalupa.cz\/pl\/wp-json\/wp\/v2\/media?parent=423"}],"curies":[{"name":"wp","href":"https:\/\/api.w.org\/{rel}","templated":true}]}}